{"id":24194,"date":"2026-04-20T18:14:10","date_gmt":"2026-04-20T18:14:10","guid":{"rendered":"https:\/\/povratnici.hr\/?page_id=24194"},"modified":"2026-04-20T18:24:38","modified_gmt":"2026-04-20T18:24:38","slug":"ambacia","status":"publish","type":"page","link":"https:\/\/povratnici.hr\/index.php\/ambacia\/","title":{"rendered":"AMBACIA"},"content":{"rendered":"\t\t<div data-elementor-type=\"wp-page\" data-elementor-id=\"24194\" class=\"elementor elementor-24194\">\n\t\t\t\t<div class=\"elementor-element elementor-element-2698477 e-flex e-con-boxed e-con e-parent\" data-id=\"2698477\" data-element_type=\"container\">\n\t\t\t\t\t<div class=\"e-con-inner\">\n\t\t\t\t<div class=\"elementor-element elementor-element-5e455cb elementor-widget elementor-widget-image\" data-id=\"5e455cb\" data-element_type=\"widget\" data-widget_type=\"image.default\">\n\t\t\t\t\t\t\t\t\t\t\t\t\t\t\t\t<a href=\"https:\/\/ambacia.eu\/hr\/\">\n\t\t\t\t\t\t\t<img fetchpriority=\"high\" decoding=\"async\" width=\"1024\" height=\"190\" src=\"https:\/\/povratnici.hr\/wp-content\/uploads\/2026\/04\/WhatsApp-Image-2026-04-20-at-14.05.24-20x4.jpeg\" class=\"attachment-large size-large wp-image-24180 jl-lazyload lazyload\" alt=\"\" data-src=\"https:\/\/povratnici.hr\/wp-content\/uploads\/2026\/04\/WhatsApp-Image-2026-04-20-at-14.05.24-1024x190.jpeg\" srcset=\"https:\/\/povratnici.hr\/wp-content\/uploads\/2026\/04\/WhatsApp-Image-2026-04-20-at-14.05.24-20x4.jpeg 20w, https:\/\/povratnici.hr\/wp-content\/uploads\/2026\/04\/WhatsApp-Image-2026-04-20-at-14.05.24-300x56.jpeg 300w, https:\/\/povratnici.hr\/wp-content\/uploads\/2026\/04\/WhatsApp-Image-2026-04-20-at-14.05.24-1024x190.jpeg 1024w, https:\/\/povratnici.hr\/wp-content\/uploads\/2026\/04\/WhatsApp-Image-2026-04-20-at-14.05.24-768x143.jpeg 768w, https:\/\/povratnici.hr\/wp-content\/uploads\/2026\/04\/WhatsApp-Image-2026-04-20-at-14.05.24-1536x285.jpeg 1536w, https:\/\/povratnici.hr\/wp-content\/uploads\/2026\/04\/WhatsApp-Image-2026-04-20-at-14.05.24-1600x297.jpeg 1600w, https:\/\/povratnici.hr\/wp-content\/uploads\/2026\/04\/WhatsApp-Image-2026-04-20-at-14.05.24-1100x204.jpeg 1100w, https:\/\/povratnici.hr\/wp-content\/uploads\/2026\/04\/WhatsApp-Image-2026-04-20-at-14.05.24-680x126.jpeg 680w, https:\/\/povratnici.hr\/wp-content\/uploads\/2026\/04\/WhatsApp-Image-2026-04-20-at-14.05.24-200x37.jpeg 200w, https:\/\/povratnici.hr\/wp-content\/uploads\/2026\/04\/WhatsApp-Image-2026-04-20-at-14.05.24.jpeg 2048w\" sizes=\"(max-width: 1024px) 100vw, 1024px\" \/>\t\t\t\t\t\t\t\t<\/a>\n\t\t\t\t\t\t\t\t\t\t\t\t\t\t\t<\/div>\n\t\t\t\t\t<\/div>\n\t\t\t\t<\/div>\n\t\t<div class=\"elementor-element elementor-element-ca56c3c e-flex e-con-boxed e-con e-parent\" data-id=\"ca56c3c\" data-element_type=\"container\">\n\t\t\t\t\t<div class=\"e-con-inner\">\n\t\t\t\t<div class=\"elementor-element elementor-element-c7e5d29 elementor-widget elementor-widget-text-editor\" data-id=\"c7e5d29\" data-element_type=\"widget\" data-widget_type=\"text-editor.default\">\n\t\t\t\t\t\t\t\t\t<p><strong>Suradnja s tvrtkom Ambacia \u2013 Va\u0161 posao u inozemstvu, va\u0161 \u017eivot u Hrvatskoj<\/strong><\/p><p>\u200bU kategoriji Suradnici \u2013 Poslovanje, predstavljamo vam na\u0161eg klju\u010dnog partnera, tvrtku <strong>Ambacia, stru\u010dnjake za Employer of Record (EOR)<\/strong> model poslovanja.<\/p><p>\u200bCilj ove suradnje je omogu\u0107iti povratnicima zadr\u017eavanje inozemnih karijera i primanja uz istovremeni \u017eivot u domovini.<\/p><p>Zahvaljuju\u0107i Ambaciji, vi\u0161e ne morate birati izme\u0111u uspje\u0161ne karijere u Njema\u010dkoj, Irskoj ili SAD-u i blizine svoje obitelji u Hrvatskoj.<\/p><p><strong>\u200b\u0160to vam omogu\u0107uje ovo partnerstvo?<\/strong><\/p><p><strong>\u200bRad na daljinu bez administrativnih briga:<\/strong> Ambacia preuzima kompletnu birokraciju, poreze i doprinose prema hrvatskim zakonima, dok vi nastavljate raditi za svog stranog poslodavca.<\/p><p><strong>\u200bSigurnost i stabilnost:<\/strong> Osigurajte si strana primanja uz potpuno reguliran radno-pravni status u Hrvatskoj.<\/p><p><strong>\u200bPodr\u0161ka pri povratku:<\/strong> <br \/>Dok Ambacia rje\u0161ava va\u0161 poslovni status, tim Povratnici.hr stoji vam na raspolaganju za logisti\u010dku pomo\u0107 oko selidbe, \u0161kola i integracije.<\/p><p>\u200bOdaberite oboje \u2013 uspje\u0161nu karijeru i \u017eivot u domovini.<\/p><p>\u200bUkoliko \u017eelite saznati vi\u0161e o tome kako raditi za stranu tvrtku iz Hrvatske, obratite nam se s povjerenjem.<\/p><p><strong>\u200b\ud83d\udce7 Upite \u0161aljite na:<\/strong> eor@ambacia.com<\/p><p>\ud83d\udc49 Vi\u0161e informacija potra\u017eite na: povratnici.hr<\/p>\t\t\t\t\t\t\t\t<\/div>\n\t\t\t\t\t<\/div>\n\t\t\t\t<\/div>\n\t\t<div class=\"elementor-element elementor-element-f8221b3 e-flex e-con-boxed e-con e-parent\" data-id=\"f8221b3\" data-element_type=\"container\">\n\t\t\t\t\t<div class=\"e-con-inner\">\n\t\t\t\t<div class=\"elementor-element elementor-element-dd06286 elementor-widget elementor-widget-image\" data-id=\"dd06286\" data-element_type=\"widget\" data-widget_type=\"image.default\">\n\t\t\t\t\t\t\t\t\t\t\t\t\t\t\t\t<a href=\"https:\/\/ambacia.eu\/hr\/\">\n\t\t\t\t\t\t\t<img decoding=\"async\" width=\"1024\" height=\"1021\" src=\"https:\/\/povratnici.hr\/wp-content\/uploads\/2026\/04\/WhatsApp-Image-2026-04-20-at-14.05.23-20x20.jpeg\" class=\"attachment-large size-large wp-image-24203 jl-lazyload lazyload\" alt=\"\" data-src=\"https:\/\/povratnici.hr\/wp-content\/uploads\/2026\/04\/WhatsApp-Image-2026-04-20-at-14.05.23-1024x1021.jpeg\" srcset=\"https:\/\/povratnici.hr\/wp-content\/uploads\/2026\/04\/WhatsApp-Image-2026-04-20-at-14.05.23-20x20.jpeg 20w, https:\/\/povratnici.hr\/wp-content\/uploads\/2026\/04\/WhatsApp-Image-2026-04-20-at-14.05.23-300x300.jpeg 300w, https:\/\/povratnici.hr\/wp-content\/uploads\/2026\/04\/WhatsApp-Image-2026-04-20-at-14.05.23-1024x1021.jpeg 1024w, https:\/\/povratnici.hr\/wp-content\/uploads\/2026\/04\/WhatsApp-Image-2026-04-20-at-14.05.23-150x150.jpeg 150w, https:\/\/povratnici.hr\/wp-content\/uploads\/2026\/04\/WhatsApp-Image-2026-04-20-at-14.05.23-768x766.jpeg 768w, https:\/\/povratnici.hr\/wp-content\/uploads\/2026\/04\/WhatsApp-Image-2026-04-20-at-14.05.23-1536x1531.jpeg 1536w, https:\/\/povratnici.hr\/wp-content\/uploads\/2026\/04\/WhatsApp-Image-2026-04-20-at-14.05.23-380x380.jpeg 380w, https:\/\/povratnici.hr\/wp-content\/uploads\/2026\/04\/WhatsApp-Image-2026-04-20-at-14.05.23-120x120.jpeg 120w, https:\/\/povratnici.hr\/wp-content\/uploads\/2026\/04\/WhatsApp-Image-2026-04-20-at-14.05.23-1100x1097.jpeg 1100w, https:\/\/povratnici.hr\/wp-content\/uploads\/2026\/04\/WhatsApp-Image-2026-04-20-at-14.05.23-680x678.jpeg 680w, https:\/\/povratnici.hr\/wp-content\/uploads\/2026\/04\/WhatsApp-Image-2026-04-20-at-14.05.23-200x199.jpeg 200w, https:\/\/povratnici.hr\/wp-content\/uploads\/2026\/04\/WhatsApp-Image-2026-04-20-at-14.05.23.jpeg 1600w\" sizes=\"(max-width: 1024px) 100vw, 1024px\" \/>\t\t\t\t\t\t\t\t<\/a>\n\t\t\t\t\t\t\t\t\t\t\t\t\t\t\t<\/div>\n\t\t\t\t\t<\/div>\n\t\t\t\t<\/div>\n\t\t\t\t<\/div>\n\t\t","protected":false},"excerpt":{"rendered":"<p>Suradnja s tvrtkom Ambacia \u2013 Va\u0161 posao u inozemstvu, va\u0161 \u017eivot u Hrvatskoj \u200bU kategoriji Suradnici \u2013 Poslovanje, predstavljamo vam na\u0161eg klju\u010dnog partnera, tvrtku Ambacia, stru\u010dnjake za Employer of Record (EOR) model poslovanja. \u200bCilj ove suradnje je omogu\u0107iti povratnicima zadr\u017eavanje inozemnih karijera i primanja uz istovremeni \u017eivot u domovini. Zahvaljuju\u0107i Ambaciji, vi\u0161e ne morate birati [&hellip;]<\/p>\n","protected":false},"author":1,"featured_media":0,"parent":0,"menu_order":0,"comment_status":"closed","ping_status":"closed","template":"","meta":{"footnotes":""},"class_list":["post-24194","page","type-page","status-publish","hentry"],"jetpack_sharing_enabled":true,"_links":{"self":[{"href":"https:\/\/povratnici.hr\/index.php\/wp-json\/wp\/v2\/pages\/24194","targetHints":{"allow":["GET"]}}],"collection":[{"href":"https:\/\/povratnici.hr\/index.php\/wp-json\/wp\/v2\/pages"}],"about":[{"href":"https:\/\/povratnici.hr\/index.php\/wp-json\/wp\/v2\/types\/page"}],"author":[{"embeddable":true,"href":"https:\/\/povratnici.hr\/index.php\/wp-json\/wp\/v2\/users\/1"}],"replies":[{"embeddable":true,"href":"https:\/\/povratnici.hr\/index.php\/wp-json\/wp\/v2\/comments?post=24194"}],"version-history":[{"count":6,"href":"https:\/\/povratnici.hr\/index.php\/wp-json\/wp\/v2\/pages\/24194\/revisions"}],"predecessor-version":[{"id":24208,"href":"https:\/\/povratnici.hr\/index.php\/wp-json\/wp\/v2\/pages\/24194\/revisions\/24208"}],"wp:attachment":[{"href":"https:\/\/povratnici.hr\/index.php\/wp-json\/wp\/v2\/media?parent=24194"}],"curies":[{"name":"wp","href":"https:\/\/api.w.org\/{rel}","templated":true}]}}