{"id":24077,"date":"2026-03-05T20:47:36","date_gmt":"2026-03-05T20:47:36","guid":{"rendered":"https:\/\/povratnici.hr\/?page_id=24077"},"modified":"2026-03-05T21:30:56","modified_gmt":"2026-03-05T21:30:56","slug":"povrat-poreza-u-njemackoj","status":"publish","type":"page","link":"https:\/\/povratnici.hr\/index.php\/povrat-poreza-u-njemackoj\/","title":{"rendered":"POVRAT POREZA U NJEMA\u010cKOJ"},"content":{"rendered":"\n<figure class=\"wp-block-image size-large\"><a href=\"https:\/\/dfsteuer.de\/hr\/?utm_campaign=augsburgpromo_hr\"><img fetchpriority=\"high\" decoding=\"async\" width=\"1024\" height=\"469\" src=\"data:image\/gif;base64,R0lGODlhAQABAAAAACH5BAEKAAEALAAAAAABAAEAAAICTAEAOw==\" data-src=\"https:\/\/povratnici.hr\/wp-content\/uploads\/2026\/03\/DFSteuer-1024x469.jpg\" alt=\"\" class=\"wp-image-24082 lazyload\" data-sizes=\"auto\" data-srcset=\"https:\/\/povratnici.hr\/wp-content\/uploads\/2026\/03\/DFSteuer-1024x469.jpg 1024w, https:\/\/povratnici.hr\/wp-content\/uploads\/2026\/03\/DFSteuer-300x137.jpg 300w, https:\/\/povratnici.hr\/wp-content\/uploads\/2026\/03\/DFSteuer-768x352.jpg 768w, https:\/\/povratnici.hr\/wp-content\/uploads\/2026\/03\/DFSteuer-1536x703.jpg 1536w, https:\/\/povratnici.hr\/wp-content\/uploads\/2026\/03\/DFSteuer-1600x732.jpg 1600w, https:\/\/povratnici.hr\/wp-content\/uploads\/2026\/03\/DFSteuer-1100x503.jpg 1100w, https:\/\/povratnici.hr\/wp-content\/uploads\/2026\/03\/DFSteuer-680x311.jpg 680w, https:\/\/povratnici.hr\/wp-content\/uploads\/2026\/03\/DFSteuer-200x92.jpg 200w, https:\/\/povratnici.hr\/wp-content\/uploads\/2026\/03\/DFSteuer-20x9.jpg 20w, https:\/\/povratnici.hr\/wp-content\/uploads\/2026\/03\/DFSteuer.jpg 1892w\" sizes=\"(max-width: 1024px) 100vw, 1024px\" \/><\/a><\/figure>\n\n\n\n<p><a href=\"https:\/\/dfsteuer.de\/hr\/?utm_campaign=augsburgpromo_hr\"><strong>DigitalForest<\/strong> <\/a>je njema\u010dka fintech tvrtka iz Wiesbadena. Cilj im je pojednostaviti poreznu prijavu i pomo\u0107i korisnicima da povrat poreza od Finanzamta dobiju uz \u0161to manje stresa. Iz tog razloga su razvili web-aplikaciju zajedno s poreznim stru\u010dnjacima, odvjetnicima i IT-specijalistima. Uz sve navedeno, mogu\u0107i povrat poreza izra\u010dunavaju besplatno.<\/p>\n","protected":false},"excerpt":{"rendered":"<p>DigitalForest je njema\u010dka fintech tvrtka iz Wiesbadena. Cilj im je pojednostaviti poreznu prijavu i pomo\u0107i korisnicima da povrat poreza od Finanzamta dobiju uz \u0161to manje stresa. Iz tog razloga su razvili web-aplikaciju zajedno s poreznim stru\u010dnjacima, odvjetnicima i IT-specijalistima. Uz sve navedeno, mogu\u0107i povrat poreza izra\u010dunavaju besplatno.<\/p>\n","protected":false},"author":1,"featured_media":0,"parent":0,"menu_order":0,"comment_status":"closed","ping_status":"closed","template":"","meta":{"footnotes":""},"class_list":["post-24077","page","type-page","status-publish","hentry"],"jetpack_sharing_enabled":true,"_links":{"self":[{"href":"https:\/\/povratnici.hr\/index.php\/wp-json\/wp\/v2\/pages\/24077","targetHints":{"allow":["GET"]}}],"collection":[{"href":"https:\/\/povratnici.hr\/index.php\/wp-json\/wp\/v2\/pages"}],"about":[{"href":"https:\/\/povratnici.hr\/index.php\/wp-json\/wp\/v2\/types\/page"}],"author":[{"embeddable":true,"href":"https:\/\/povratnici.hr\/index.php\/wp-json\/wp\/v2\/users\/1"}],"replies":[{"embeddable":true,"href":"https:\/\/povratnici.hr\/index.php\/wp-json\/wp\/v2\/comments?post=24077"}],"version-history":[{"count":5,"href":"https:\/\/povratnici.hr\/index.php\/wp-json\/wp\/v2\/pages\/24077\/revisions"}],"predecessor-version":[{"id":24089,"href":"https:\/\/povratnici.hr\/index.php\/wp-json\/wp\/v2\/pages\/24077\/revisions\/24089"}],"wp:attachment":[{"href":"https:\/\/povratnici.hr\/index.php\/wp-json\/wp\/v2\/media?parent=24077"}],"curies":[{"name":"wp","href":"https:\/\/api.w.org\/{rel}","templated":true}]}}