{"id":23361,"date":"2025-10-29T16:45:04","date_gmt":"2025-10-29T16:45:04","guid":{"rendered":"https:\/\/povratnici.hr\/?page_id=23361"},"modified":"2025-10-29T16:47:03","modified_gmt":"2025-10-29T16:47:03","slug":"gabriela-banic","status":"publish","type":"page","link":"https:\/\/povratnici.hr\/index.php\/gabriela-banic\/","title":{"rendered":"GABRIELA BANI\u0106"},"content":{"rendered":"\n<figure class=\"wp-block-image size-large\"><a href=\"https:\/\/law-office-banic.hr\/en\/\" target=\"_blank\" rel=\" noreferrer noopener\"><img fetchpriority=\"high\" decoding=\"async\" width=\"1024\" height=\"296\" src=\"data:image\/gif;base64,R0lGODlhAQABAAAAACH5BAEKAAEALAAAAAABAAEAAAICTAEAOw==\" data-src=\"https:\/\/povratnici.hr\/wp-content\/uploads\/2025\/10\/Banic-1024x296.png\" alt=\"\" class=\"wp-image-23257 lazyload\" data-sizes=\"auto\" data-srcset=\"https:\/\/povratnici.hr\/wp-content\/uploads\/2025\/10\/Banic-1024x296.png 1024w, https:\/\/povratnici.hr\/wp-content\/uploads\/2025\/10\/Banic-300x87.png 300w, https:\/\/povratnici.hr\/wp-content\/uploads\/2025\/10\/Banic-768x222.png 768w, https:\/\/povratnici.hr\/wp-content\/uploads\/2025\/10\/Banic-1536x444.png 1536w, https:\/\/povratnici.hr\/wp-content\/uploads\/2025\/10\/Banic-1600x463.png 1600w, https:\/\/povratnici.hr\/wp-content\/uploads\/2025\/10\/Banic-1100x318.png 1100w, https:\/\/povratnici.hr\/wp-content\/uploads\/2025\/10\/Banic-680x197.png 680w, https:\/\/povratnici.hr\/wp-content\/uploads\/2025\/10\/Banic-200x58.png 200w, https:\/\/povratnici.hr\/wp-content\/uploads\/2025\/10\/Banic-20x6.png 20w, https:\/\/povratnici.hr\/wp-content\/uploads\/2025\/10\/Banic.png 1871w\" sizes=\"(max-width: 1024px) 100vw, 1024px\" \/><\/a><\/figure>\n\n\n\n<p><strong>Gabriela Bani\u0107, odvjetnica i stalni sudski tuma\u010d za njema\u010dki jezik.<\/strong><\/p>\n\n\n\n<p>Stru\u010dna suradnica za pitanja pravne struke.<\/p>\n","protected":false},"excerpt":{"rendered":"<p>Gabriela Bani\u0107, odvjetnica i stalni sudski tuma\u010d za njema\u010dki jezik. Stru\u010dna suradnica za pitanja pravne struke.<\/p>\n","protected":false},"author":1,"featured_media":0,"parent":0,"menu_order":0,"comment_status":"closed","ping_status":"closed","template":"","meta":{"footnotes":""},"class_list":["post-23361","page","type-page","status-publish","hentry"],"jetpack_sharing_enabled":true,"_links":{"self":[{"href":"https:\/\/povratnici.hr\/index.php\/wp-json\/wp\/v2\/pages\/23361","targetHints":{"allow":["GET"]}}],"collection":[{"href":"https:\/\/povratnici.hr\/index.php\/wp-json\/wp\/v2\/pages"}],"about":[{"href":"https:\/\/povratnici.hr\/index.php\/wp-json\/wp\/v2\/types\/page"}],"author":[{"embeddable":true,"href":"https:\/\/povratnici.hr\/index.php\/wp-json\/wp\/v2\/users\/1"}],"replies":[{"embeddable":true,"href":"https:\/\/povratnici.hr\/index.php\/wp-json\/wp\/v2\/comments?post=23361"}],"version-history":[{"count":2,"href":"https:\/\/povratnici.hr\/index.php\/wp-json\/wp\/v2\/pages\/23361\/revisions"}],"predecessor-version":[{"id":23367,"href":"https:\/\/povratnici.hr\/index.php\/wp-json\/wp\/v2\/pages\/23361\/revisions\/23367"}],"wp:attachment":[{"href":"https:\/\/povratnici.hr\/index.php\/wp-json\/wp\/v2\/media?parent=23361"}],"curies":[{"name":"wp","href":"https:\/\/api.w.org\/{rel}","templated":true}]}}