{"id":23309,"date":"2025-10-27T15:40:15","date_gmt":"2025-10-27T15:40:15","guid":{"rendered":"https:\/\/povratnici.hr\/?page_id=23309"},"modified":"2025-10-29T17:58:20","modified_gmt":"2025-10-29T17:58:20","slug":"pravo","status":"publish","type":"page","link":"https:\/\/povratnici.hr\/index.php\/pravo\/","title":{"rendered":"PRAVO"},"content":{"rendered":"\n<hr class=\"wp-block-separator has-alpha-channel-opacity\"\/>\n\n\n\n<figure class=\"wp-block-image size-large\"><a href=\"https:\/\/law-office-banic.hr\/en\/\" target=\"_blank\" rel=\" noreferrer noopener\"><img fetchpriority=\"high\" decoding=\"async\" width=\"1024\" height=\"296\" src=\"data:image\/gif;base64,R0lGODlhAQABAAAAACH5BAEKAAEALAAAAAABAAEAAAICTAEAOw==\" data-src=\"https:\/\/povratnici.hr\/wp-content\/uploads\/2025\/10\/Banic-1024x296.png\" alt=\"\" class=\"wp-image-23257 lazyload\" data-sizes=\"auto\" data-srcset=\"https:\/\/povratnici.hr\/wp-content\/uploads\/2025\/10\/Banic-1024x296.png 1024w, https:\/\/povratnici.hr\/wp-content\/uploads\/2025\/10\/Banic-300x87.png 300w, https:\/\/povratnici.hr\/wp-content\/uploads\/2025\/10\/Banic-768x222.png 768w, https:\/\/povratnici.hr\/wp-content\/uploads\/2025\/10\/Banic-1536x444.png 1536w, https:\/\/povratnici.hr\/wp-content\/uploads\/2025\/10\/Banic-1600x463.png 1600w, https:\/\/povratnici.hr\/wp-content\/uploads\/2025\/10\/Banic-1100x318.png 1100w, https:\/\/povratnici.hr\/wp-content\/uploads\/2025\/10\/Banic-680x197.png 680w, https:\/\/povratnici.hr\/wp-content\/uploads\/2025\/10\/Banic-200x58.png 200w, https:\/\/povratnici.hr\/wp-content\/uploads\/2025\/10\/Banic-20x6.png 20w, https:\/\/povratnici.hr\/wp-content\/uploads\/2025\/10\/Banic.png 1871w\" sizes=\"(max-width: 1024px) 100vw, 1024px\" \/><\/a><\/figure>\n\n\n\n<p><\/p>\n\n\n\n<p><strong>U kategoriji Suradnici &#8211; Pravo prona\u0107i \u0107ete suradnike projekta Povratnici.hr koji su stru\u010dnjaci po pitanju pravne struke.<\/strong><\/p>\n\n\n\n<p>Cilj je omogu\u0107iti pomo\u0107 i povezivanje me\u0111u povratnicima sa stru\u010dnjacima u podru\u010dju prava. <br><\/p>\n\n\n\n<p><strong>Ukoliko ste i sami zainteresirani za suradnju s portalom Povratnici.hr, javite nam se na na\u0161 e-mail:<\/strong><br><br><strong>info@povratnici.hr<\/strong><\/p>\n","protected":false},"excerpt":{"rendered":"<p>U kategoriji Suradnici &#8211; Pravo prona\u0107i \u0107ete suradnike projekta Povratnici.hr koji su stru\u010dnjaci po pitanju pravne struke. Cilj je omogu\u0107iti pomo\u0107 i povezivanje me\u0111u povratnicima sa stru\u010dnjacima u podru\u010dju prava. Ukoliko ste i sami zainteresirani za suradnju s portalom Povratnici.hr, javite nam se na na\u0161 e-mail: info@povratnici.hr<\/p>\n","protected":false},"author":1,"featured_media":23385,"parent":0,"menu_order":0,"comment_status":"closed","ping_status":"closed","template":"","meta":{"footnotes":""},"class_list":["post-23309","page","type-page","status-publish","has-post-thumbnail","hentry"],"jetpack_sharing_enabled":true,"_links":{"self":[{"href":"https:\/\/povratnici.hr\/index.php\/wp-json\/wp\/v2\/pages\/23309","targetHints":{"allow":["GET"]}}],"collection":[{"href":"https:\/\/povratnici.hr\/index.php\/wp-json\/wp\/v2\/pages"}],"about":[{"href":"https:\/\/povratnici.hr\/index.php\/wp-json\/wp\/v2\/types\/page"}],"author":[{"embeddable":true,"href":"https:\/\/povratnici.hr\/index.php\/wp-json\/wp\/v2\/users\/1"}],"replies":[{"embeddable":true,"href":"https:\/\/povratnici.hr\/index.php\/wp-json\/wp\/v2\/comments?post=23309"}],"version-history":[{"count":6,"href":"https:\/\/povratnici.hr\/index.php\/wp-json\/wp\/v2\/pages\/23309\/revisions"}],"predecessor-version":[{"id":23390,"href":"https:\/\/povratnici.hr\/index.php\/wp-json\/wp\/v2\/pages\/23309\/revisions\/23390"}],"wp:featuredmedia":[{"embeddable":true,"href":"https:\/\/povratnici.hr\/index.php\/wp-json\/wp\/v2\/media\/23385"}],"wp:attachment":[{"href":"https:\/\/povratnici.hr\/index.php\/wp-json\/wp\/v2\/media?parent=23309"}],"curies":[{"name":"wp","href":"https:\/\/api.w.org\/{rel}","templated":true}]}}