{"id":23289,"date":"2025-10-24T18:47:08","date_gmt":"2025-10-24T18:47:08","guid":{"rendered":"https:\/\/povratnici.hr\/?page_id=23289"},"modified":"2025-10-30T13:52:19","modified_gmt":"2025-10-30T13:52:19","slug":"usluge","status":"publish","type":"page","link":"https:\/\/povratnici.hr\/index.php\/usluge\/","title":{"rendered":"USLUGE"},"content":{"rendered":"\n<p>Povratnici.hr nude spektar usluga kojima je primarni cilj kroz povezivanje i umre\u017eavanje olak\u0161ati poslovanje i povratak na\u0161ih ljudi u Hrvatsku. Usluge koje nudimo su sljede\u0107e:<\/p>\n\n\n\n<ul class=\"wp-block-list\">\n<li><strong>Umre\u017eavanje s drugim povratnicima i stru\u010dnim suradnicima projekta Povratnici.hr<\/strong><\/li>\n\n\n\n<li><strong>Promid\u017eba Va\u0161eg poslovanja putem dru\u0161tvenih mre\u017ea<\/strong><\/li>\n\n\n\n<li><strong>Informativni \u010dlanci o Va\u0161em projektu \/ poduze\u0107u<\/strong><\/li>\n\n\n\n<li><strong>Web design<\/strong><\/li>\n\n\n\n<li><strong>SEO Optimizacija<\/strong><\/li>\n\n\n\n<li><strong>Google Business<\/strong><\/li>\n\n\n\n<li><strong>Ogla\u0161avanje<\/strong><\/li>\n\n\n\n<li><strong>Content Marketing<\/strong><\/li>\n\n\n\n<li><strong>Grafi\u010dki dizajn<\/strong><\/li>\n\n\n\n<li><strong>Transportna logistika<\/strong><\/li>\n\n\n\n<li><strong>&#8230;i brojne druge usluge<\/strong><\/li>\n<\/ul>\n\n\n\n<p>Povratnici.hr sura\u0111uju s nizom stru\u010dnjaka iz podru\u010dja prava, gra\u0111evine, marketinga, menad\u017ementa, instalacija, transporta i brojnih drugih segmenata koji su od koristi svakom pojedincu koji se odlu\u010di na povratak i izgradnju novog \u017eivota u Hrvatskoj. Glavni cilj nam je osigurati plodno tlo za veliki korak koji je pred Vama.<br><br><strong>Za upite o uslugama i suradnje pozivamo Vas da nam se javite na dru\u0161tvene mre\u017ee ili na e-mail:<\/strong><br><strong><br>info@povratnici.hr   <\/strong><\/p>\n\n\n\n<p>Hvala Vam na povjerenju!<br><br>Povratnici.hr<\/p>\n","protected":false},"excerpt":{"rendered":"<p>Povratnici.hr nude spektar usluga kojima je primarni cilj kroz povezivanje i umre\u017eavanje olak\u0161ati poslovanje i povratak na\u0161ih ljudi u Hrvatsku. Usluge koje nudimo su sljede\u0107e: Povratnici.hr sura\u0111uju s nizom stru\u010dnjaka iz podru\u010dja prava, gra\u0111evine, marketinga, menad\u017ementa, instalacija, transporta i brojnih drugih segmenata koji su od koristi svakom pojedincu koji se odlu\u010di na povratak i izgradnju [&hellip;]<\/p>\n","protected":false},"author":1,"featured_media":0,"parent":0,"menu_order":0,"comment_status":"closed","ping_status":"closed","template":"","meta":{"footnotes":""},"class_list":["post-23289","page","type-page","status-publish","hentry"],"jetpack_sharing_enabled":true,"_links":{"self":[{"href":"https:\/\/povratnici.hr\/index.php\/wp-json\/wp\/v2\/pages\/23289","targetHints":{"allow":["GET"]}}],"collection":[{"href":"https:\/\/povratnici.hr\/index.php\/wp-json\/wp\/v2\/pages"}],"about":[{"href":"https:\/\/povratnici.hr\/index.php\/wp-json\/wp\/v2\/types\/page"}],"author":[{"embeddable":true,"href":"https:\/\/povratnici.hr\/index.php\/wp-json\/wp\/v2\/users\/1"}],"replies":[{"embeddable":true,"href":"https:\/\/povratnici.hr\/index.php\/wp-json\/wp\/v2\/comments?post=23289"}],"version-history":[{"count":6,"href":"https:\/\/povratnici.hr\/index.php\/wp-json\/wp\/v2\/pages\/23289\/revisions"}],"predecessor-version":[{"id":23412,"href":"https:\/\/povratnici.hr\/index.php\/wp-json\/wp\/v2\/pages\/23289\/revisions\/23412"}],"wp:attachment":[{"href":"https:\/\/povratnici.hr\/index.php\/wp-json\/wp\/v2\/media?parent=23289"}],"curies":[{"name":"wp","href":"https:\/\/api.w.org\/{rel}","templated":true}]}}