{"id":23230,"date":"2025-10-23T02:02:46","date_gmt":"2025-10-23T02:02:46","guid":{"rendered":"https:\/\/povratnici.hr\/?page_id=23230"},"modified":"2025-10-27T15:47:14","modified_gmt":"2025-10-27T15:47:14","slug":"suradnici","status":"publish","type":"page","link":"https:\/\/povratnici.hr\/index.php\/suradnici\/","title":{"rendered":"SURADNICI"},"content":{"rendered":"\n<p><strong>U kategoriji Suradnici prona\u0107i \u0107ete suradnike projekta Povratnici.hr.<\/strong><\/p>\n\n\n\n<p>Kategorija je sistematski podijeljena na temelju stru\u010dnih i profesionalnih disciplina. <\/p>\n\n\n\n<p>Cilj je omogu\u0107iti pomo\u0107 i povezivanje me\u0111u povratnicima sa stru\u010dnjacima u podru\u010dju prava, gra\u0111evine, transporta, logistike i srodnih kategorija.<br><\/p>\n\n\n\n<hr class=\"wp-block-separator has-alpha-channel-opacity\"\/>\n\n\n\n<p><strong>Ukoliko \u017eelite postati suradnik portala Povratnici.hr, javite nam se putem dru\u0161tvenih mre\u017ea ili e-maila:<\/strong><br><br><strong>info@povratnici.hr<\/strong><\/p>\n","protected":false},"excerpt":{"rendered":"<p>U kategoriji Suradnici prona\u0107i \u0107ete suradnike projekta Povratnici.hr. Kategorija je sistematski podijeljena na temelju stru\u010dnih i profesionalnih disciplina. Cilj je omogu\u0107iti pomo\u0107 i povezivanje me\u0111u povratnicima sa stru\u010dnjacima u podru\u010dju prava, gra\u0111evine, transporta, logistike i srodnih kategorija. Ukoliko \u017eelite postati suradnik portala Povratnici.hr, javite nam se putem dru\u0161tvenih mre\u017ea ili e-maila: info@povratnici.hr<\/p>\n","protected":false},"author":1,"featured_media":23240,"parent":0,"menu_order":0,"comment_status":"closed","ping_status":"closed","template":"","meta":{"footnotes":""},"class_list":["post-23230","page","type-page","status-publish","has-post-thumbnail","hentry"],"jetpack_sharing_enabled":true,"_links":{"self":[{"href":"https:\/\/povratnici.hr\/index.php\/wp-json\/wp\/v2\/pages\/23230","targetHints":{"allow":["GET"]}}],"collection":[{"href":"https:\/\/povratnici.hr\/index.php\/wp-json\/wp\/v2\/pages"}],"about":[{"href":"https:\/\/povratnici.hr\/index.php\/wp-json\/wp\/v2\/types\/page"}],"author":[{"embeddable":true,"href":"https:\/\/povratnici.hr\/index.php\/wp-json\/wp\/v2\/users\/1"}],"replies":[{"embeddable":true,"href":"https:\/\/povratnici.hr\/index.php\/wp-json\/wp\/v2\/comments?post=23230"}],"version-history":[{"count":14,"href":"https:\/\/povratnici.hr\/index.php\/wp-json\/wp\/v2\/pages\/23230\/revisions"}],"predecessor-version":[{"id":23315,"href":"https:\/\/povratnici.hr\/index.php\/wp-json\/wp\/v2\/pages\/23230\/revisions\/23315"}],"wp:featuredmedia":[{"embeddable":true,"href":"https:\/\/povratnici.hr\/index.php\/wp-json\/wp\/v2\/media\/23240"}],"wp:attachment":[{"href":"https:\/\/povratnici.hr\/index.php\/wp-json\/wp\/v2\/media?parent=23230"}],"curies":[{"name":"wp","href":"https:\/\/api.w.org\/{rel}","templated":true}]}}