{"id":23229,"date":"2025-10-23T02:02:46","date_gmt":"2025-10-23T02:02:46","guid":{"rendered":"https:\/\/povratnici.hr\/?page_id=23229"},"modified":"2026-03-16T17:20:06","modified_gmt":"2026-03-16T17:20:06","slug":"kontaktirajte-nas","status":"publish","type":"page","link":"https:\/\/povratnici.hr\/index.php\/kontaktirajte-nas\/","title":{"rendered":"KONTAKTIRAJTE NAS"},"content":{"rendered":"\n<p>Ukoliko imate svoju pri\u010du o povratku u Hrvatsku, prijedloge, ili ste u potrazi sa suradnjom kako biste pomogli povratku na\u0161ih ljudi u na\u0161u zemlju, javite nam se putem dru\u0161tvenih mre\u017ea ili na email:<br><br><strong>info@povratnici.hr<\/strong><\/p>\n\n\n","protected":false},"excerpt":{"rendered":"<p>Ukoliko imate svoju pri\u010du o povratku u Hrvatsku, prijedloge, ili ste u potrazi sa suradnjom kako biste pomogli povratku na\u0161ih ljudi u na\u0161u zemlju, javite nam se putem dru\u0161tvenih mre\u017ea ili na email: info@povratnici.hr<\/p>\n","protected":false},"author":1,"featured_media":23245,"parent":0,"menu_order":0,"comment_status":"closed","ping_status":"closed","template":"","meta":{"footnotes":""},"class_list":["post-23229","page","type-page","status-publish","has-post-thumbnail","hentry"],"jetpack_sharing_enabled":true,"_links":{"self":[{"href":"https:\/\/povratnici.hr\/index.php\/wp-json\/wp\/v2\/pages\/23229","targetHints":{"allow":["GET"]}}],"collection":[{"href":"https:\/\/povratnici.hr\/index.php\/wp-json\/wp\/v2\/pages"}],"about":[{"href":"https:\/\/povratnici.hr\/index.php\/wp-json\/wp\/v2\/types\/page"}],"author":[{"embeddable":true,"href":"https:\/\/povratnici.hr\/index.php\/wp-json\/wp\/v2\/users\/1"}],"replies":[{"embeddable":true,"href":"https:\/\/povratnici.hr\/index.php\/wp-json\/wp\/v2\/comments?post=23229"}],"version-history":[{"count":6,"href":"https:\/\/povratnici.hr\/index.php\/wp-json\/wp\/v2\/pages\/23229\/revisions"}],"predecessor-version":[{"id":24140,"href":"https:\/\/povratnici.hr\/index.php\/wp-json\/wp\/v2\/pages\/23229\/revisions\/24140"}],"wp:featuredmedia":[{"embeddable":true,"href":"https:\/\/povratnici.hr\/index.php\/wp-json\/wp\/v2\/media\/23245"}],"wp:attachment":[{"href":"https:\/\/povratnici.hr\/index.php\/wp-json\/wp\/v2\/media?parent=23229"}],"curies":[{"name":"wp","href":"https:\/\/api.w.org\/{rel}","templated":true}]}}